{"id":265,"date":"2020-07-06T12:08:19","date_gmt":"2020-07-06T12:08:19","guid":{"rendered":"http:\/\/huskyadventure.de\/?page_id=265"},"modified":"2020-07-06T12:30:00","modified_gmt":"2020-07-06T12:30:00","slug":"events","status":"publish","type":"page","link":"https:\/\/huskyadventure.de\/?page_id=265","title":{"rendered":"Events"},"content":{"rendered":"\t\t<div data-elementor-type=\"wp-page\" data-elementor-id=\"265\" class=\"elementor elementor-265\">\n\t\t\t\t\t\t<section class=\"elementor-section elementor-top-section elementor-element elementor-element-5173253 elementor-section-boxed elementor-section-height-default elementor-section-height-default\" data-id=\"5173253\" data-element_type=\"section\" data-e-type=\"section\">\n\t\t\t\t\t\t<div class=\"elementor-container elementor-column-gap-default\">\n\t\t\t\t\t<div class=\"elementor-column elementor-col-100 elementor-top-column elementor-element elementor-element-23504fa\" data-id=\"23504fa\" data-element_type=\"column\" data-e-type=\"column\">\n\t\t\t<div class=\"elementor-widget-wrap elementor-element-populated\">\n\t\t\t\t\t\t<div class=\"elementor-element elementor-element-67aa1b4 elementor-widget elementor-widget-text-editor\" data-id=\"67aa1b4\" data-element_type=\"widget\" data-e-type=\"widget\" data-widget_type=\"text-editor.default\">\n\t\t\t\t<div class=\"elementor-widget-container\">\n\t\t\t\t\t\t\t\t\t<p>\u00dcber das Jahr verteilt planen wir verschiedene Veranstaltungen. Hier k\u00f6nnt Ihr jederzeit einsehen was alles ansteht.<\/p><p><em><strong>WICHTIG:<\/strong><\/em><br \/>Aufgrund der &#8222;Corona-Situation&#8220; k\u00f6nnen wir aktuell leider keine Veranstaltungen anbieten.<\/p>\t\t\t\t\t\t\t\t<\/div>\n\t\t\t\t<\/div>\n\t\t\t\t\t<\/div>\n\t\t<\/div>\n\t\t\t\t\t<\/div>\n\t\t<\/section>\n\t\t\t\t<section class=\"elementor-section elementor-top-section elementor-element elementor-element-d502750 elementor-section-boxed elementor-section-height-default elementor-section-height-default\" data-id=\"d502750\" data-element_type=\"section\" data-e-type=\"section\">\n\t\t\t\t\t\t<div class=\"elementor-container elementor-column-gap-default\">\n\t\t\t\t\t<div class=\"elementor-column elementor-col-100 elementor-top-column elementor-element elementor-element-1489c44\" data-id=\"1489c44\" data-element_type=\"column\" data-e-type=\"column\">\n\t\t\t<div class=\"elementor-widget-wrap elementor-element-populated\">\n\t\t\t\t\t\t<div class=\"elementor-element elementor-element-bf4d9dd elementor-widget elementor-widget-spacer\" data-id=\"bf4d9dd\" data-element_type=\"widget\" data-e-type=\"widget\" data-widget_type=\"spacer.default\">\n\t\t\t\t<div class=\"elementor-widget-container\">\n\t\t\t\t\t\t\t<div class=\"elementor-spacer\">\n\t\t\t<div class=\"elementor-spacer-inner\"><\/div>\n\t\t<\/div>\n\t\t\t\t\t\t<\/div>\n\t\t\t\t<\/div>\n\t\t\t\t\t<\/div>\n\t\t<\/div>\n\t\t\t\t\t<\/div>\n\t\t<\/section>\n\t\t\t\t<section class=\"elementor-section elementor-top-section elementor-element elementor-element-3c5a3b3 elementor-section-boxed elementor-section-height-default elementor-section-height-default\" data-id=\"3c5a3b3\" data-element_type=\"section\" data-e-type=\"section\">\n\t\t\t\t\t\t<div class=\"elementor-container elementor-column-gap-default\">\n\t\t\t\t\t<div class=\"elementor-column elementor-col-50 elementor-top-column elementor-element elementor-element-92545ca\" data-id=\"92545ca\" data-element_type=\"column\" data-e-type=\"column\">\n\t\t\t<div class=\"elementor-widget-wrap elementor-element-populated\">\n\t\t\t\t\t\t<div class=\"elementor-element elementor-element-e7c9c29 elementor-widget elementor-widget-text-editor\" data-id=\"e7c9c29\" data-element_type=\"widget\" data-e-type=\"widget\" data-widget_type=\"text-editor.default\">\n\t\t\t\t<div class=\"elementor-widget-container\">\n\t\t\t\t\t\t\t\t\t<p><strong>F\u00fcr unserern Newsletter registrieren:<\/strong><\/p><p>Gern senden wir Euch unseren Newsletter zu soald Veranstaltungen gefixt sind. F\u00fcllt dazu einfach das folgende Formular aus:<\/p>\t\t\t\t\t\t\t\t<\/div>\n\t\t\t\t<\/div>\n\t\t\t\t\t<\/div>\n\t\t<\/div>\n\t\t\t\t<div class=\"elementor-column elementor-col-50 elementor-top-column elementor-element elementor-element-70bb5c6\" data-id=\"70bb5c6\" data-element_type=\"column\" data-e-type=\"column\">\n\t\t\t<div class=\"elementor-widget-wrap elementor-element-populated\">\n\t\t\t\t\t\t<div class=\"elementor-element elementor-element-e307724 elementor-widget elementor-widget-wp-widget-wp_cleverreach\" data-id=\"e307724\" data-element_type=\"widget\" data-e-type=\"widget\" data-widget_type=\"wp-widget-wp_cleverreach.default\">\n\t\t\t\t<div class=\"elementor-widget-container\">\n\t\t\t\t\t<h5>Husky Adventure<\/h5><p><!DOCTYPE html PUBLIC \"-\/\/W3C\/\/DTD HTML 4.0 Transitional\/\/EN\" \"http:\/\/www.w3.org\/TR\/REC-html40\/loose.dtd\">\n<?xml encoding=\"utf-8\" ?><html><head><script>\n\nfunction loadjQuery(e,t){var n=document.createElement(\"script\");n.setAttribute(\"src\",e);n.onload=t;n.onreadystatechange=function(){if(this.readyState==\"complete\"||this.readyState==\"loaded\")t()};document.getElementsByTagName(\"head\")[0].appendChild(n)}function main(){\n\n\n\n\n\n}\n\nif(typeof jQuery===\"undefined\"){loadjQuery(\"\/\/ajax.googleapis.com\/ajax\/libs\/jquery\/1.4.2\/jquery.min.js\",main)}else{main()}\n\n\n\n<\/script>\n\n\n\n\n\n<style>.cr_header {\n    text-align: center;\n    background: transparent !important;\n}\n\n.cr_body label, .cr_body .label {\n    float: none;\n    clear: both;\n    display: inline-block;\n    width: auto;\n    margin-top: 8px;\n    text-align: left;\n    font-weight: bold;\n    position: relative;\n}\n\n.cr_body .no-label {\n    font-weight: normal;\n}\n\n.cr_body #editable_content {\n    padding: 20px;\n}\n\n.editable-content {\n    padding: 20px\n}\n\n.cr_button {\n    display: inline-block;\n    width: auto;\n    white-space: nowrap;\n    height: 32px;\n    margin: 5px 5px 0 0;\n    padding: 0 22px;\n    text-decoration: none;\n    text-align: center;\n    font-weight: bold;\n    font-style: normal;\n    font-size: 15px;\n    line-height: 32px;\n    cursor: pointer;\n    border: 0;\n    -moz-border-radius: 4px;\n    border-radius: 4px;\n    -webkit-border-radius: 4px;\n    vertical-align: top;\n}\n\n.cr_button:hover, .cr_button-small:hover {\n    opacity: 0.7;\n    filter: alpha(opacity=70);\n}\n\n.powered {\n    padding: 20px 0;\n    width: 560px;\n    margin: 0 auto;\n}\n\n.cr_ipe_item label {\n    line-height: 150%;\n    font-size: 14px;\n}\n\n.cr_ipe_item textarea {\n    background: none repeat scroll 0 0 #ffffff;\n    border-radius: 3px;\n    border: 1px solid #ccc;\n    font-size: 16px;\n}\n\n.cr_ipe_item input {\n    background: none repeat scroll 0 0 #ffffff;\n    border-radius: 3px;\n    border: 1px solid #ccc;\n    font-size: 16px;\n}\n\n.cr_ipe_item input[type='email'],\n.cr_ipe_item input[type='text'] {\n    width: 100%;\n}\n\n.cr_ipe_item select {\n    background: none repeat scroll 0 0 #ffffff;\n    border-radius: 3px;\n    border: 1px solid #ccc;\n    display: block;\n    margin: 0;\n    width: 100%;\n    font-size: 16px;\n}\n\n.cr_ipe_item input.cr_ipe_radio, input.cr_ipe_checkbox {\n    -moz-binding: none;\n    -moz-box-sizing: border-box;\n    background-color: -moz-field !important;\n    border: 2px inset ThreeDFace !important;\n    color: -moz-fieldtext !important;\n    cursor: default;\n    height: 13px;\n    padding: 0 !important;\n    width: 13px;\n}\n\n.cr_ipe_item input.cr_ipe_radio {\n    -moz-appearance: radio;\n    border-radius: 100% 100% 100% 100% !important;\n    margin: 3px 3px 0 5px;\n}\n\n.cr_ipe_item {\n    margin: 0 10px;\n    padding: 0 10px;\n    width: 100%;\n}\n\n.submit_container {\n    text-align: center\n}\n\n.cr_ipe_item.inactive {\n    display: none;\n}\n\n.imprint {\n    font-size: 0.8em;\n}\n\n.cr_captcha {\n    padding-left: 130px;\n}\n\n.cr_error {\n    font-size: 1.1em;\n    padding: 10px;\n}\n\n.clever_form_error {\n    background-color: #f99;\n    color: #000;\n    border: 1px solid #f22 !important\n}\n\n.clever_form_note {\n    margin: 26px 0 0 3px;\n    position: absolute;\n    display: inline;\n    padding: 2px 4px;\n    font-weight: bold;\n    background-color: #f2ecb5;\n    color: #000;\n    font-size: 12px !important;\n}\n\n.cr_form-flex {\n    display: flex;\n}\n\n.cr_form-flex > .cr_form-inputgroup {\n    flex-grow: 1;\n    margin-right: 5px;\n}\n\n.cr_form-flex > .cr_form-inputgroup:last-child {\n    margin-right: 0;\n}\n\n.cr_form-flex input {\n    width: 100%;\n}\n\n.cr_form,\n.cr_form .submit_container {\n    text-align: center !important;\n    margin: 5% 0;\n}\n\n.cr_form a {\n    border: none;\n}\n\n.cr_form .cr_page img {\n    display: inline;\n}\n\n.cr_font .submit_container {\n    margin-top: 3%;\n}\n\n.cr_form .cr_header_text,\n.cr_form .cr_ipe_item.ui-sortable {\n    text-align: left;\n    margin-bottom: 3%;\n}\n\n.cr_form .cr_header_text,\n.cr_form .cr_ipe_item.ui-sortable iframe {\n    height: 30px;\n}\n\n.cr_form .cr_header_text,\n.cr_form .cr_ipe_item.ui-sortable.musthave iframe {\n    height: auto;\n}\n\n.cr_form input[type='text'] {\n    width: 10% !important;\n    display: inline;\n}\n\n.cr_form .cr_ipe_item[rel='recaptcha'] {\n    margin-top: 3%;\n}\n\n.cr_form .cr_ipe_item[rel='recaptcha'] br {\n    display: none;\n}\n\n.cr_form .cr_ipe_item[rel='email'] input[type='text'],\n.cr_form .cr_ipe_item[rel='text'] input[type='text'],\n.cr_form textarea,\n.cr_form select {\n    width: 100% !important;\n}\n\n.cr_form .cr_ipe_item[rel='radio'] input[type='radio'] {\n    height: auto;\n}\n\n.cr_form a:not(.btn) {\n    border: none;\n}\n\n@media (max-width: 480px) {\n    #recaptcha_v2_widget > div:nth-child(1) {\n        width: max-content !important;\n    }\n}<\/style>\n\n\n\n\n\n\n\n\n\n<\/head><body><form class=\"layout_form cr_form cr_font\" action=\"https:\/\/seu.cleverreach.com\/f\/263200-148826\/wcs\/\" method=\"post\" target=\"_blank\">\n\n\t<div class=\"cr_body cr_page cr_font formbox\">\n\n\t\t<div class=\"non_sortable\">\n\n\t\t\t\n\n\t\t<\/div>\n\n\t\t\n\n\t\t<div class=\"editable_content\">\n\n\t\t<div id=\"3370827\" rel=\"select\" class=\"cr_ipe_item ui-sortable\">\n<label for=\"select_3370827\" class=\"itemname\">Anrede<\/label> <select id=\"select_3370827\" class=\"cr_font\" name=\"376638\" style=\"\">\n\n<option value=\"Frau\">Frau<\/option>\n\n<option value=\"Herr\">Herr<\/option>\n\n<option value=\"Divers\">Divers<\/option>\n<\/select>\n<\/div><div id=\"3370660\" rel=\"text\" class=\"cr_ipe_item ui-sortable\">\n<label for=\"text3370660\" class=\"itemname\">Vorname<\/label> <input id=\"text3370660\" name=\"376640\" type=\"text\" value=\"\" style=\"\">\n<\/div><div id=\"3370659\" rel=\"text\" class=\"cr_ipe_item ui-sortable\">\n<label for=\"text3370659\" class=\"itemname\">Nachname<\/label> <input id=\"text3370659\" name=\"376641\" type=\"text\" value=\"\" style=\"\">\n<\/div><div id=\"3367874\" rel=\"email\" class=\"cr_ipe_item ui-sortable musthave\">\n<label for=\"text3367874\" class=\"itemname\">E-Mail*<\/label> <input id=\"text3367874\" name=\"email\" value=\"\" type=\"text\" style=\"\">\n<\/div><div id=\"3367878\" rel=\"recaptcha\" class=\"cr_ipe_item ui-sortable musthave\">\n\t\n\n\t\n\n\t<script src=\"https:\/\/www.google.com\/recaptcha\/api.js\" async defer><\/script>\n\t<br>\n\t<div id=\"recaptcha_v2_widget\" class=\"g-recaptcha\" data-theme=\"light\" data-size=\"normal\" data-sitekey=\"6Lfhcd0SAAAAAOBEHmAVEHJeRnrH8T7wPvvNzEPD\"><\/div>\n\t<br>\n\n\t\n<\/div><div id=\"3367879\" rel=\"button\" class=\"cr_ipe_item ui-sortable submit_container\">\n\n<button type=\"submit\" class=\"cr_button components-button is-button is-primary\">Anmelden<\/button>\n\n<\/div><div id=\"3370828\" rel=\"hr\" class=\"cr_ipe_item ui-sortable cr_noedit\">\n\t<iframe src=\"\/\/www.facebook.com\/plugins\/like.php?href=https%3A%2F%2Fseu.cleverreach.com%2Ff%2F263200-148826%2F&amp;layout=button_count&amp;show_faces=false&amp;width=400&amp;action=like&amp;colorscheme=light&amp;height=30\" scrolling=\"no\" frameborder=\"0\" allowtransparency=\"true\"><\/iframe>\n<\/div><div id=\"3378772\" rel=\"subunsub\" class=\"cr_ipe_item ui-sortable cr_noedit\">\n<label class=\"itemname\"><\/label>\n<div>\n<input id=\"3378772\" name=\"cr_subunsubscribe\" type=\"radio\" value=\"true\" checked>Anmelden\n<input id=\"3378772\" name=\"cr_subunsubscribe\" type=\"radio\" value=\"false\">Abmelden\n<\/div>\n<\/div><div id=\"3378773\" rel=\"mce_text\" class=\"cr_ipe_item ui-sortable\">\n<div class=\"mce_text\"><p>Klicken Sie hier, um den Text zu bearbeiten<\/p><\/div>\n<\/div><div id=\"3378774\" rel=\"mce_text\" class=\"cr_ipe_item ui-sortable\">\n<div class=\"mce_text\"><p>Klicken Sie hier, um den Text zu bearbeiten<\/p><\/div>\n<\/div>\n\n        <\/div>\n\n        \n\n\t\n\n    <\/div>\n\n\n\n    \n\n    <div class=\"badge cr_page cr_body\"><a href=\"https:\/\/www.cleverreach.de\/?utm_source=system&amp;utm_medium=form&amp;utm_campaign=c263200\" target=\"_blank\"><img decoding=\"async\" src=\"https:\/\/d388us03v35p3m.cloudfront.net\/cr3_images\/badget1.png\" border=\"0\"><\/a><\/div>\n\n    \n\n<\/form><\/body><\/html>\n<\/p>\t\t\t\t<\/div>\n\t\t\t\t<\/div>\n\t\t\t\t\t<\/div>\n\t\t<\/div>\n\t\t\t\t\t<\/div>\n\t\t<\/section>\n\t\t\t\t<\/div>\n\t\t<div class=\"likebtn_container\" style=\"text-align:right;\"><!-- LikeBtn.com BEGIN --><span class=\"likebtn-wrapper\"  data-identifier=\"page_265\"  data-site_id=\"5ef1d27b6fd08be8652009e8\"  data-theme=\"drop\"  data-lang=\"de\"  data-style=\"\"  data-unlike_allowed=\"\"  data-show_copyright=\"\"  data-item_url=\"https:\/\/huskyadventure.de\/?page_id=265\"  data-item_title=\"Events\"  data-item_date=\"2020-07-06T12:08:19+00:00\"  data-engine=\"WordPress\"  data-plugin_v=\"2.6.59\"  data-prx=\"https:\/\/huskyadventure.de\/wp-admin\/admin-ajax.php?action=likebtn_prx\"  data-event_handler=\"likebtn_eh\" ><\/span><!-- LikeBtn.com END --><br \/><br \/><\/div>","protected":false},"excerpt":{"rendered":"<p>\u00dcber das Jahr verteilt planen wir verschiedene Veranstaltungen. Hier k\u00f6nnt Ihr jederzeit einsehen was alles ansteht. WICHTIG:Aufgrund der &#8222;Corona-Situation&#8220; k\u00f6nnen wir aktuell leider keine Veranstaltungen anbieten. F\u00fcr unserern Newsletter registrieren: Gern senden wir Euch unseren Newsletter zu soald Veranstaltungen gefixt sind. F\u00fcllt dazu einfach das folgende Formular aus:<\/p>\n<div class=\"likebtn_container\" style=\"text-align:right;\"><!-- LikeBtn.com BEGIN --><span class=\"likebtn-wrapper\"  data-identifier=\"page_265\"  data-site_id=\"5ef1d27b6fd08be8652009e8\"  data-theme=\"drop\"  data-lang=\"de\"  data-style=\"\"  data-unlike_allowed=\"\"  data-show_copyright=\"\"  data-item_url=\"https:\/\/huskyadventure.de\/?page_id=265\"  data-item_title=\"Events\"  data-item_date=\"2020-07-06T12:08:19+00:00\"  data-engine=\"WordPress\"  data-plugin_v=\"2.6.59\"  data-prx=\"https:\/\/huskyadventure.de\/wp-admin\/admin-ajax.php?action=likebtn_prx\"  data-event_handler=\"likebtn_eh\" ><\/span><!-- LikeBtn.com END --><br \/><br \/><\/div>","protected":false},"author":1,"featured_media":0,"parent":0,"menu_order":0,"comment_status":"closed","ping_status":"closed","template":"","meta":{"footnotes":""},"class_list":["post-265","page","type-page","status-publish","hentry"],"_links":{"self":[{"href":"https:\/\/huskyadventure.de\/index.php?rest_route=\/wp\/v2\/pages\/265","targetHints":{"allow":["GET"]}}],"collection":[{"href":"https:\/\/huskyadventure.de\/index.php?rest_route=\/wp\/v2\/pages"}],"about":[{"href":"https:\/\/huskyadventure.de\/index.php?rest_route=\/wp\/v2\/types\/page"}],"author":[{"embeddable":true,"href":"https:\/\/huskyadventure.de\/index.php?rest_route=\/wp\/v2\/users\/1"}],"replies":[{"embeddable":true,"href":"https:\/\/huskyadventure.de\/index.php?rest_route=%2Fwp%2Fv2%2Fcomments&post=265"}],"version-history":[{"count":13,"href":"https:\/\/huskyadventure.de\/index.php?rest_route=\/wp\/v2\/pages\/265\/revisions"}],"predecessor-version":[{"id":281,"href":"https:\/\/huskyadventure.de\/index.php?rest_route=\/wp\/v2\/pages\/265\/revisions\/281"}],"wp:attachment":[{"href":"https:\/\/huskyadventure.de\/index.php?rest_route=%2Fwp%2Fv2%2Fmedia&parent=265"}],"curies":[{"name":"wp","href":"https:\/\/api.w.org\/{rel}","templated":true}]}}