{"id":181,"date":"2020-06-16T10:27:27","date_gmt":"2020-06-16T10:27:27","guid":{"rendered":"http:\/\/huskyadventure.de\/?page_id=181"},"modified":"2020-06-30T10:09:10","modified_gmt":"2020-06-30T10:09:10","slug":"links","status":"publish","type":"page","link":"https:\/\/huskyadventure.de\/?page_id=181","title":{"rendered":"Links"},"content":{"rendered":"\t\t<div data-elementor-type=\"wp-page\" data-elementor-id=\"181\" class=\"elementor elementor-181\">\n\t\t\t\t\t\t<section class=\"elementor-section elementor-top-section elementor-element elementor-element-f38319e elementor-section-boxed elementor-section-height-default elementor-section-height-default\" data-id=\"f38319e\" data-element_type=\"section\" data-e-type=\"section\">\n\t\t\t\t\t\t<div class=\"elementor-container elementor-column-gap-default\">\n\t\t\t\t\t<div class=\"elementor-column elementor-col-100 elementor-top-column elementor-element elementor-element-d03219a\" data-id=\"d03219a\" data-element_type=\"column\" data-e-type=\"column\">\n\t\t\t<div class=\"elementor-widget-wrap elementor-element-populated\">\n\t\t\t\t\t\t<div class=\"elementor-element elementor-element-88037f3 elementor-widget elementor-widget-heading\" data-id=\"88037f3\" data-element_type=\"widget\" data-e-type=\"widget\" data-widget_type=\"heading.default\">\n\t\t\t\t<div class=\"elementor-widget-container\">\n\t\t\t\t\t<h2 class=\"elementor-heading-title elementor-size-default\">Nordlicht f\u00fcr Notfelle e.V.<\/h2>\t\t\t\t<\/div>\n\t\t\t\t<\/div>\n\t\t\t\t\t<\/div>\n\t\t<\/div>\n\t\t\t\t\t<\/div>\n\t\t<\/section>\n\t\t\t\t<section class=\"elementor-section elementor-top-section elementor-element elementor-element-c756ace elementor-section-boxed elementor-section-height-default elementor-section-height-default\" data-id=\"c756ace\" data-element_type=\"section\" data-e-type=\"section\">\n\t\t\t\t\t\t<div class=\"elementor-container elementor-column-gap-default\">\n\t\t\t\t\t<div class=\"elementor-column elementor-col-100 elementor-top-column elementor-element elementor-element-fbf789d\" data-id=\"fbf789d\" data-element_type=\"column\" data-e-type=\"column\">\n\t\t\t<div class=\"elementor-widget-wrap elementor-element-populated\">\n\t\t\t\t\t\t<div class=\"elementor-element elementor-element-a429bdd elementor-widget elementor-widget-image\" data-id=\"a429bdd\" data-element_type=\"widget\" data-e-type=\"widget\" data-widget_type=\"image.default\">\n\t\t\t\t<div class=\"elementor-widget-container\">\n\t\t\t\t\t\t\t\t\t\t\t\t\t\t\t\t<a href=\"http:\/\/Registrieren%20Sie%20Ihr%20Tier%20jetzt%20online%20bei%20TASSO%20und%20bieten%20Sie%20ihm%20so%20den%20gr\u00f6\u00dftm\u00f6glichen%20Schutz!%20Die%20Registrierung%20und%20alle%20weiteren%20Services%20von%20TASSO%20sind%20v\u00f6llig%20kostenfrei.\" target=\"_blank\">\n\t\t\t\t\t\t\t<img fetchpriority=\"high\" decoding=\"async\" width=\"516\" height=\"246\" src=\"https:\/\/huskyadventure.de\/wp-content\/uploads\/2020\/06\/nordlichter_logo.jpg\" class=\"attachment-large size-large wp-image-253\" alt=\"\" srcset=\"https:\/\/huskyadventure.de\/wp-content\/uploads\/2020\/06\/nordlichter_logo.jpg 516w, https:\/\/huskyadventure.de\/wp-content\/uploads\/2020\/06\/nordlichter_logo-300x143.jpg 300w\" sizes=\"(max-width: 516px) 100vw, 516px\" \/>\t\t\t\t\t\t\t\t<\/a>\n\t\t\t\t\t\t\t\t\t\t\t\t\t\t\t<\/div>\n\t\t\t\t<\/div>\n\t\t\t\t\t<\/div>\n\t\t<\/div>\n\t\t\t\t\t<\/div>\n\t\t<\/section>\n\t\t\t\t<section class=\"elementor-section elementor-top-section elementor-element elementor-element-0e028f4 elementor-section-boxed elementor-section-height-default elementor-section-height-default\" data-id=\"0e028f4\" data-element_type=\"section\" data-e-type=\"section\">\n\t\t\t\t\t\t<div class=\"elementor-container elementor-column-gap-default\">\n\t\t\t\t\t<div class=\"elementor-column elementor-col-100 elementor-top-column elementor-element elementor-element-0c11435\" data-id=\"0c11435\" data-element_type=\"column\" data-e-type=\"column\">\n\t\t\t<div class=\"elementor-widget-wrap elementor-element-populated\">\n\t\t\t\t\t\t<div class=\"elementor-element elementor-element-638ef07 elementor-widget elementor-widget-text-editor\" data-id=\"638ef07\" data-element_type=\"widget\" data-e-type=\"widget\" data-widget_type=\"text-editor.default\">\n\t\t\t\t<div class=\"elementor-widget-container\">\n\t\t\t\t\t\t\t\t\t<p>Das <strong>Nordlicht f\u00fcr Notfelle<\/strong> liegt uns besonders am Herzen. Zum einen weil wir dort unseren wunderbaren Arvo gefunden haben und zum anderen weil sie sich dort f\u00fcr Hunde einsetzen, die aus unterschiedlichen Gr\u00fcnden in Not geraten sind. Dabei haben sie sich auf Nordische Hunde (z.B. Huskys, Malamutes) und Hunde aus Animal-Hoarding F\u00e4llen spezialisiert.<\/p><p>Ihr Ziel ist es, jeden Hund in ein artgerechtes neues Zuhause zu vermitteln.<\/p><p>Ihr macht das toll! DANKE und Respekt!<\/p><p>Details erfahrt Ihr hier:<\/p><p><a href=\"https:\/\/www.nordlicht-notfelle.de\/\" target=\"_blank\" rel=\"noopener\"><strong>https:\/\/www.nordlicht-notfelle.de\/<\/strong><\/a><\/p>\t\t\t\t\t\t\t\t<\/div>\n\t\t\t\t<\/div>\n\t\t\t\t\t<\/div>\n\t\t<\/div>\n\t\t\t\t\t<\/div>\n\t\t<\/section>\n\t\t\t\t<section class=\"elementor-section elementor-top-section elementor-element elementor-element-7d48ca9 elementor-section-boxed elementor-section-height-default elementor-section-height-default\" data-id=\"7d48ca9\" data-element_type=\"section\" data-e-type=\"section\">\n\t\t\t\t\t\t<div class=\"elementor-container elementor-column-gap-default\">\n\t\t\t\t\t<div class=\"elementor-column elementor-col-100 elementor-top-column elementor-element elementor-element-7d35133\" data-id=\"7d35133\" data-element_type=\"column\" data-e-type=\"column\">\n\t\t\t<div class=\"elementor-widget-wrap elementor-element-populated\">\n\t\t\t\t\t\t<div class=\"elementor-element elementor-element-b63fe05 elementor-widget-divider--view-line elementor-widget elementor-widget-divider\" data-id=\"b63fe05\" data-element_type=\"widget\" data-e-type=\"widget\" data-widget_type=\"divider.default\">\n\t\t\t\t<div class=\"elementor-widget-container\">\n\t\t\t\t\t\t\t<div class=\"elementor-divider\">\n\t\t\t<span class=\"elementor-divider-separator\">\n\t\t\t\t\t\t<\/span>\n\t\t<\/div>\n\t\t\t\t\t\t<\/div>\n\t\t\t\t<\/div>\n\t\t\t\t\t<\/div>\n\t\t<\/div>\n\t\t\t\t\t<\/div>\n\t\t<\/section>\n\t\t\t\t<section class=\"elementor-section elementor-top-section elementor-element elementor-element-49b1b8b elementor-section-boxed elementor-section-height-default elementor-section-height-default\" data-id=\"49b1b8b\" data-element_type=\"section\" data-e-type=\"section\">\n\t\t\t\t\t\t<div class=\"elementor-container elementor-column-gap-default\">\n\t\t\t\t\t<div class=\"elementor-column elementor-col-100 elementor-top-column elementor-element elementor-element-0d570ea\" data-id=\"0d570ea\" data-element_type=\"column\" data-e-type=\"column\">\n\t\t\t<div class=\"elementor-widget-wrap elementor-element-populated\">\n\t\t\t\t\t\t<div class=\"elementor-element elementor-element-67b8c57 elementor-widget elementor-widget-heading\" data-id=\"67b8c57\" data-element_type=\"widget\" data-e-type=\"widget\" data-widget_type=\"heading.default\">\n\t\t\t\t<div class=\"elementor-widget-container\">\n\t\t\t\t\t<h2 class=\"elementor-heading-title elementor-size-default\">TASSO e.V.<\/h2>\t\t\t\t<\/div>\n\t\t\t\t<\/div>\n\t\t\t\t\t<\/div>\n\t\t<\/div>\n\t\t\t\t\t<\/div>\n\t\t<\/section>\n\t\t\t\t<section class=\"elementor-section elementor-top-section elementor-element elementor-element-c3a950b elementor-section-boxed elementor-section-height-default elementor-section-height-default\" data-id=\"c3a950b\" data-element_type=\"section\" data-e-type=\"section\">\n\t\t\t\t\t\t<div class=\"elementor-container elementor-column-gap-default\">\n\t\t\t\t\t<div class=\"elementor-column elementor-col-100 elementor-top-column elementor-element elementor-element-358a793\" data-id=\"358a793\" data-element_type=\"column\" data-e-type=\"column\">\n\t\t\t<div class=\"elementor-widget-wrap elementor-element-populated\">\n\t\t\t\t\t\t<div class=\"elementor-element elementor-element-c5890ae elementor-widget elementor-widget-image\" data-id=\"c5890ae\" data-element_type=\"widget\" data-e-type=\"widget\" data-widget_type=\"image.default\">\n\t\t\t\t<div class=\"elementor-widget-container\">\n\t\t\t\t\t\t\t\t\t\t\t\t\t\t\t\t<a href=\"https:\/\/www.tasso.net\/\" target=\"_blank\">\n\t\t\t\t\t\t\t<img decoding=\"async\" width=\"300\" height=\"149\" src=\"https:\/\/huskyadventure.de\/wp-content\/uploads\/2020\/06\/Tasso_logo-300x149.png\" class=\"attachment-medium size-medium wp-image-255\" alt=\"\" srcset=\"https:\/\/huskyadventure.de\/wp-content\/uploads\/2020\/06\/Tasso_logo-300x149.png 300w, https:\/\/huskyadventure.de\/wp-content\/uploads\/2020\/06\/Tasso_logo-1024x508.png 1024w, https:\/\/huskyadventure.de\/wp-content\/uploads\/2020\/06\/Tasso_logo-768x381.png 768w, https:\/\/huskyadventure.de\/wp-content\/uploads\/2020\/06\/Tasso_logo-1536x762.png 1536w, https:\/\/huskyadventure.de\/wp-content\/uploads\/2020\/06\/Tasso_logo-2048x1016.png 2048w\" sizes=\"(max-width: 300px) 100vw, 300px\" \/>\t\t\t\t\t\t\t\t<\/a>\n\t\t\t\t\t\t\t\t\t\t\t\t\t\t\t<\/div>\n\t\t\t\t<\/div>\n\t\t\t\t\t<\/div>\n\t\t<\/div>\n\t\t\t\t\t<\/div>\n\t\t<\/section>\n\t\t\t\t<section class=\"elementor-section elementor-top-section elementor-element elementor-element-9ea0c7d elementor-section-boxed elementor-section-height-default elementor-section-height-default\" data-id=\"9ea0c7d\" data-element_type=\"section\" data-e-type=\"section\">\n\t\t\t\t\t\t<div class=\"elementor-container elementor-column-gap-default\">\n\t\t\t\t\t<div class=\"elementor-column elementor-col-100 elementor-top-column elementor-element elementor-element-4f7a9c6\" data-id=\"4f7a9c6\" data-element_type=\"column\" data-e-type=\"column\">\n\t\t\t<div class=\"elementor-widget-wrap elementor-element-populated\">\n\t\t\t\t\t\t<div class=\"elementor-element elementor-element-87b5028 elementor-widget elementor-widget-text-editor\" data-id=\"87b5028\" data-element_type=\"widget\" data-e-type=\"widget\" data-widget_type=\"text-editor.default\">\n\t\t\t\t<div class=\"elementor-widget-container\">\n\t\t\t\t\t\t\t\t\t<p>Stellt Euch vor Euer geliebetes Haustier ist pl\u00f6tzlich nicht mehr auffindbar! Sicher werdet auch Ihr alles tun, um es schnellst m\u00f6glich wieder zu finden. Eine Hilfe kann dabei TASSO e. V. sein.<\/p><p>Jeder von Euch kann seine Tiere hier kostenlos registrieren lassen. Ihr habt Interesse? Dann schaut doch mal auf deren Website:<\/p><p><a href=\"https:\/\/www.tasso.net\/\" target=\"_blank\" rel=\"noopener\"><strong>https:\/\/www.tasso.net\/<\/strong><\/a><\/p>\t\t\t\t\t\t\t\t<\/div>\n\t\t\t\t<\/div>\n\t\t\t\t\t<\/div>\n\t\t<\/div>\n\t\t\t\t\t<\/div>\n\t\t<\/section>\n\t\t\t\t<\/div>\n\t\t<div class=\"likebtn_container\" style=\"text-align:right;\"><!-- LikeBtn.com BEGIN --><span class=\"likebtn-wrapper\"  data-identifier=\"page_181\"  data-site_id=\"5ef1d27b6fd08be8652009e8\"  data-theme=\"drop\"  data-lang=\"de\"  data-style=\"\"  data-unlike_allowed=\"\"  data-show_copyright=\"\"  data-item_url=\"https:\/\/huskyadventure.de\/?page_id=181\"  data-item_title=\"Links\"  data-item_date=\"2020-06-16T10:27:27+00:00\"  data-engine=\"WordPress\"  data-plugin_v=\"2.6.59\"  data-prx=\"https:\/\/huskyadventure.de\/wp-admin\/admin-ajax.php?action=likebtn_prx\"  data-event_handler=\"likebtn_eh\" ><\/span><!-- LikeBtn.com END --><br \/><br \/><\/div>","protected":false},"excerpt":{"rendered":"<p>Nordlicht f\u00fcr Notfelle e.V. Das Nordlicht f\u00fcr Notfelle liegt uns besonders am Herzen. Zum einen weil wir dort unseren wunderbaren Arvo gefunden haben und zum anderen weil sie sich dort f\u00fcr Hunde einsetzen, die aus unterschiedlichen Gr\u00fcnden in Not geraten sind. Dabei haben sie sich auf Nordische Hunde (z.B. Huskys, Malamutes) und Hunde aus Animal-Hoarding [&hellip;]<\/p>\n<div class=\"likebtn_container\" style=\"text-align:right;\"><!-- LikeBtn.com BEGIN --><span class=\"likebtn-wrapper\"  data-identifier=\"page_181\"  data-site_id=\"5ef1d27b6fd08be8652009e8\"  data-theme=\"drop\"  data-lang=\"de\"  data-style=\"\"  data-unlike_allowed=\"\"  data-show_copyright=\"\"  data-item_url=\"https:\/\/huskyadventure.de\/?page_id=181\"  data-item_title=\"Links\"  data-item_date=\"2020-06-16T10:27:27+00:00\"  data-engine=\"WordPress\"  data-plugin_v=\"2.6.59\"  data-prx=\"https:\/\/huskyadventure.de\/wp-admin\/admin-ajax.php?action=likebtn_prx\"  data-event_handler=\"likebtn_eh\" ><\/span><!-- LikeBtn.com END --><br \/><br \/><\/div>","protected":false},"author":1,"featured_media":0,"parent":0,"menu_order":0,"comment_status":"closed","ping_status":"closed","template":"","meta":{"footnotes":""},"class_list":["post-181","page","type-page","status-publish","hentry"],"_links":{"self":[{"href":"https:\/\/huskyadventure.de\/index.php?rest_route=\/wp\/v2\/pages\/181","targetHints":{"allow":["GET"]}}],"collection":[{"href":"https:\/\/huskyadventure.de\/index.php?rest_route=\/wp\/v2\/pages"}],"about":[{"href":"https:\/\/huskyadventure.de\/index.php?rest_route=\/wp\/v2\/types\/page"}],"author":[{"embeddable":true,"href":"https:\/\/huskyadventure.de\/index.php?rest_route=\/wp\/v2\/users\/1"}],"replies":[{"embeddable":true,"href":"https:\/\/huskyadventure.de\/index.php?rest_route=%2Fwp%2Fv2%2Fcomments&post=181"}],"version-history":[{"count":7,"href":"https:\/\/huskyadventure.de\/index.php?rest_route=\/wp\/v2\/pages\/181\/revisions"}],"predecessor-version":[{"id":258,"href":"https:\/\/huskyadventure.de\/index.php?rest_route=\/wp\/v2\/pages\/181\/revisions\/258"}],"wp:attachment":[{"href":"https:\/\/huskyadventure.de\/index.php?rest_route=%2Fwp%2Fv2%2Fmedia&parent=181"}],"curies":[{"name":"wp","href":"https:\/\/api.w.org\/{rel}","templated":true}]}}