{"id":15,"date":"2020-03-04T07:15:36","date_gmt":"2020-03-04T07:15:36","guid":{"rendered":"http:\/\/huskyadventure.de\/?page_id=15"},"modified":"2022-02-11T08:29:22","modified_gmt":"2022-02-11T08:29:22","slug":"unsere-huskys","status":"publish","type":"page","link":"https:\/\/huskyadventure.de\/?page_id=15","title":{"rendered":"Unsere Huskys"},"content":{"rendered":"\t\t<div data-elementor-type=\"wp-page\" data-elementor-id=\"15\" class=\"elementor elementor-15\">\n\t\t\t\t\t\t<section class=\"elementor-section elementor-top-section elementor-element elementor-element-419a15c elementor-section-boxed elementor-section-height-default elementor-section-height-default\" data-id=\"419a15c\" data-element_type=\"section\" data-e-type=\"section\">\n\t\t\t\t\t\t<div class=\"elementor-container elementor-column-gap-default\">\n\t\t\t\t\t<div class=\"elementor-column elementor-col-100 elementor-top-column elementor-element elementor-element-e9989cd\" data-id=\"e9989cd\" data-element_type=\"column\" data-e-type=\"column\">\n\t\t\t<div class=\"elementor-widget-wrap elementor-element-populated\">\n\t\t\t\t\t\t<div class=\"elementor-element elementor-element-ae0623a elementor-widget elementor-widget-heading\" data-id=\"ae0623a\" data-element_type=\"widget\" data-e-type=\"widget\" data-widget_type=\"heading.default\">\n\t\t\t\t<div class=\"elementor-widget-container\">\n\t\t\t\t\t<h3 class=\"elementor-heading-title elementor-size-default\">Der Siberian Husky<\/h3>\t\t\t\t<\/div>\n\t\t\t\t<\/div>\n\t\t\t\t\t<\/div>\n\t\t<\/div>\n\t\t\t\t\t<\/div>\n\t\t<\/section>\n\t\t\t\t<section class=\"elementor-section elementor-top-section elementor-element elementor-element-ba2a013 elementor-section-boxed elementor-section-height-default elementor-section-height-default\" data-id=\"ba2a013\" data-element_type=\"section\" data-e-type=\"section\">\n\t\t\t\t\t\t<div class=\"elementor-container elementor-column-gap-default\">\n\t\t\t\t\t<div class=\"elementor-column elementor-col-100 elementor-top-column elementor-element elementor-element-130e698\" data-id=\"130e698\" data-element_type=\"column\" data-e-type=\"column\">\n\t\t\t<div class=\"elementor-widget-wrap elementor-element-populated\">\n\t\t\t\t\t\t<div class=\"elementor-element elementor-element-c42b1ee elementor-widget elementor-widget-text-editor\" data-id=\"c42b1ee\" data-element_type=\"widget\" data-e-type=\"widget\" data-widget_type=\"text-editor.default\">\n\t\t\t\t<div class=\"elementor-widget-container\">\n\t\t\t\t\t\t\t\t\t<p><strong>Wesen<br \/><\/strong>Freundlich, sozialvertr\u00e4glich, kaum territorial, daher kein Wach- und Schutzhund. <br \/>Sehr selbstst\u00e4ndig und unabh\u00e4ngig, mit gro\u00dfem Jagdtrieb. Intelligent, mit urspr\u00fcnglichem Verhalten.<\/p><p><strong>Haltung<br \/><\/strong>Kein Haus- und Familienhund, sondern<strong> reiner Outdoorhund<\/strong>, gro\u00dfer Ausbruchsk\u00fcnstler, lernt schnell, wird aber nie zuverl\u00e4ssig gehorchen, daher Freilauf kaum m\u00f6glich.<br \/>Braucht <strong>viel Bewegung<\/strong>, ideal f\u00fcr den Schlittenhundesport. Robust und anspruchslos in der Pflege.<\/p>\t\t\t\t\t\t\t\t<\/div>\n\t\t\t\t<\/div>\n\t\t\t\t\t<\/div>\n\t\t<\/div>\n\t\t\t\t\t<\/div>\n\t\t<\/section>\n\t\t\t\t<section class=\"elementor-section elementor-top-section elementor-element elementor-element-f0fb071 elementor-section-boxed elementor-section-height-default elementor-section-height-default\" data-id=\"f0fb071\" data-element_type=\"section\" data-e-type=\"section\">\n\t\t\t\t\t\t<div class=\"elementor-container elementor-column-gap-default\">\n\t\t\t\t\t<div class=\"elementor-column elementor-col-50 elementor-top-column elementor-element elementor-element-34b5ca8\" data-id=\"34b5ca8\" data-element_type=\"column\" data-e-type=\"column\">\n\t\t\t<div class=\"elementor-widget-wrap elementor-element-populated\">\n\t\t\t\t\t\t<div class=\"elementor-element elementor-element-d5c0501 elementor-widget elementor-widget-image\" data-id=\"d5c0501\" data-element_type=\"widget\" data-e-type=\"widget\" data-widget_type=\"image.default\">\n\t\t\t\t<div class=\"elementor-widget-container\">\n\t\t\t\t\t\t\t\t\t\t\t\t<figure class=\"wp-caption\">\n\t\t\t\t\t\t\t\t\t\t<img fetchpriority=\"high\" decoding=\"async\" width=\"750\" height=\"859\" src=\"https:\/\/huskyadventure.de\/wp-content\/uploads\/2020\/06\/IMG_E8426-scaled-e1592986057882-894x1024.jpg\" class=\"attachment-large size-large wp-image-210\" alt=\"\" srcset=\"https:\/\/huskyadventure.de\/wp-content\/uploads\/2020\/06\/IMG_E8426-scaled-e1592986057882-894x1024.jpg 894w, https:\/\/huskyadventure.de\/wp-content\/uploads\/2020\/06\/IMG_E8426-scaled-e1592986057882-262x300.jpg 262w, https:\/\/huskyadventure.de\/wp-content\/uploads\/2020\/06\/IMG_E8426-scaled-e1592986057882-1341x1536.jpg 1341w, https:\/\/huskyadventure.de\/wp-content\/uploads\/2020\/06\/IMG_E8426-scaled-e1592986057882-768x880.jpg 768w, https:\/\/huskyadventure.de\/wp-content\/uploads\/2020\/06\/IMG_E8426-scaled-e1592986057882.jpg 1670w\" sizes=\"(max-width: 750px) 100vw, 750px\" \/>\t\t\t\t\t\t\t\t\t\t\t<figcaption class=\"widget-image-caption wp-caption-text\">Tjara, geb. 02.06.2016<\/figcaption>\n\t\t\t\t\t\t\t\t\t\t<\/figure>\n\t\t\t\t\t\t\t\t\t<\/div>\n\t\t\t\t<\/div>\n\t\t\t\t\t<\/div>\n\t\t<\/div>\n\t\t\t\t<div class=\"elementor-column elementor-col-50 elementor-top-column elementor-element elementor-element-d245ff2\" data-id=\"d245ff2\" data-element_type=\"column\" data-e-type=\"column\">\n\t\t\t<div class=\"elementor-widget-wrap elementor-element-populated\">\n\t\t\t\t\t\t<div class=\"elementor-element elementor-element-1592bbe elementor-widget elementor-widget-text-editor\" data-id=\"1592bbe\" data-element_type=\"widget\" data-e-type=\"widget\" data-widget_type=\"text-editor.default\">\n\t\t\t\t<div class=\"elementor-widget-container\">\n\t\t\t\t\t\t\t\t\t<h3>Tjara &#8211; unsere Diva<\/h3><p>Mit Tjara hat alles angefangen. Tjara ist unser erster Husky. Sie ist eine typische Husky Dame. Sie hat eisblaue Augen, einen &#8222;fiesen&#8220; Blick und hat definitiv das Sagen in unserem Rudel.<\/p>\t\t\t\t\t\t\t\t<\/div>\n\t\t\t\t<\/div>\n\t\t\t\t\t<\/div>\n\t\t<\/div>\n\t\t\t\t\t<\/div>\n\t\t<\/section>\n\t\t\t\t<section class=\"elementor-section elementor-top-section elementor-element elementor-element-22a9d20 elementor-section-boxed elementor-section-height-default elementor-section-height-default\" data-id=\"22a9d20\" data-element_type=\"section\" data-e-type=\"section\">\n\t\t\t\t\t\t<div class=\"elementor-container elementor-column-gap-default\">\n\t\t\t\t\t<div class=\"elementor-column elementor-col-50 elementor-top-column elementor-element elementor-element-1ee4896\" data-id=\"1ee4896\" data-element_type=\"column\" data-e-type=\"column\">\n\t\t\t<div class=\"elementor-widget-wrap elementor-element-populated\">\n\t\t\t\t\t\t<div class=\"elementor-element elementor-element-c360aa8 elementor-widget elementor-widget-image\" data-id=\"c360aa8\" data-element_type=\"widget\" data-e-type=\"widget\" data-widget_type=\"image.default\">\n\t\t\t\t<div class=\"elementor-widget-container\">\n\t\t\t\t\t\t\t\t\t\t\t\t<figure class=\"wp-caption\">\n\t\t\t\t\t\t\t\t\t\t<img decoding=\"async\" width=\"492\" height=\"856\" src=\"https:\/\/huskyadventure.de\/wp-content\/uploads\/2020\/03\/ilvy2-e1583918223728.jpg\" class=\"attachment-large size-large wp-image-70\" alt=\"\" \/>\t\t\t\t\t\t\t\t\t\t\t<figcaption class=\"widget-image-caption wp-caption-text\">Ilvy, geb. 02.06.2016<\/figcaption>\n\t\t\t\t\t\t\t\t\t\t<\/figure>\n\t\t\t\t\t\t\t\t\t<\/div>\n\t\t\t\t<\/div>\n\t\t\t\t\t<\/div>\n\t\t<\/div>\n\t\t\t\t<div class=\"elementor-column elementor-col-50 elementor-top-column elementor-element elementor-element-332fe59\" data-id=\"332fe59\" data-element_type=\"column\" data-e-type=\"column\">\n\t\t\t<div class=\"elementor-widget-wrap elementor-element-populated\">\n\t\t\t\t\t\t<div class=\"elementor-element elementor-element-bde3194 elementor-widget elementor-widget-text-editor\" data-id=\"bde3194\" data-element_type=\"widget\" data-e-type=\"widget\" data-widget_type=\"text-editor.default\">\n\t\t\t\t<div class=\"elementor-widget-container\">\n\t\t\t\t\t\t\t\t\t<h3>Ilvy &#8211; die Verspielte<\/h3><div>Ilvy ist Tjaras Schwester. Sie hat ein blaues und ein braunes Auge, einen eher untypischen Kringelschwanz und wirkt oft etwas &#8222;verwirrt&#8220;. Ilvy ist sehr anh\u00e4nglich und verspielt. Das absolute Energieb\u00fcndel im Rudel. Sobald Ilvy ihr Geschirr tr\u00e4gt ist sie kaum noch zu halten.<\/div><div>\u00a0<\/div>\t\t\t\t\t\t\t\t<\/div>\n\t\t\t\t<\/div>\n\t\t\t\t\t<\/div>\n\t\t<\/div>\n\t\t\t\t\t<\/div>\n\t\t<\/section>\n\t\t\t\t<section class=\"elementor-section elementor-top-section elementor-element elementor-element-e11ca8c elementor-section-boxed elementor-section-height-default elementor-section-height-default\" data-id=\"e11ca8c\" data-element_type=\"section\" data-e-type=\"section\">\n\t\t\t\t\t\t<div class=\"elementor-container elementor-column-gap-default\">\n\t\t\t\t\t<div class=\"elementor-column elementor-col-50 elementor-top-column elementor-element elementor-element-bbbe0ff\" data-id=\"bbbe0ff\" data-element_type=\"column\" data-e-type=\"column\">\n\t\t\t<div class=\"elementor-widget-wrap elementor-element-populated\">\n\t\t\t\t\t\t<div class=\"elementor-element elementor-element-4abf34e elementor-widget elementor-widget-image\" data-id=\"4abf34e\" data-element_type=\"widget\" data-e-type=\"widget\" data-widget_type=\"image.default\">\n\t\t\t\t<div class=\"elementor-widget-container\">\n\t\t\t\t\t\t\t\t\t\t\t\t<figure class=\"wp-caption\">\n\t\t\t\t\t\t\t\t\t\t<img decoding=\"async\" width=\"434\" height=\"537\" src=\"https:\/\/huskyadventure.de\/wp-content\/uploads\/2020\/06\/Arvo-e1591946911980.jpeg\" class=\"attachment-large size-large wp-image-92\" alt=\"\" srcset=\"https:\/\/huskyadventure.de\/wp-content\/uploads\/2020\/06\/Arvo-e1591946911980.jpeg 434w, https:\/\/huskyadventure.de\/wp-content\/uploads\/2020\/06\/Arvo-e1591946911980-242x300.jpeg 242w\" sizes=\"(max-width: 434px) 100vw, 434px\" \/>\t\t\t\t\t\t\t\t\t\t\t<figcaption class=\"widget-image-caption wp-caption-text\">Arvo, geb. 04.06.2018<\/figcaption>\n\t\t\t\t\t\t\t\t\t\t<\/figure>\n\t\t\t\t\t\t\t\t\t<\/div>\n\t\t\t\t<\/div>\n\t\t\t\t\t<\/div>\n\t\t<\/div>\n\t\t\t\t<div class=\"elementor-column elementor-col-50 elementor-top-column elementor-element elementor-element-515ed3f\" data-id=\"515ed3f\" data-element_type=\"column\" data-e-type=\"column\">\n\t\t\t<div class=\"elementor-widget-wrap elementor-element-populated\">\n\t\t\t\t\t\t<div class=\"elementor-element elementor-element-6d15410 elementor-widget elementor-widget-text-editor\" data-id=\"6d15410\" data-element_type=\"widget\" data-e-type=\"widget\" data-widget_type=\"text-editor.default\">\n\t\t\t\t<div class=\"elementor-widget-container\">\n\t\t\t\t\t\t\t\t\t<h3>Arvo &#8211; der Schmuseb\u00e4r<\/h3><div>Arvo ist seit Juni 2020 bei uns. Er hat braune Augen und ist genau 2 Jahre j\u00fcnger als Tjara &amp; Ilvy. Arvo kommt aus dem Tierschutz und musste ein festes zu Hause bis dato vermissen. Er ist genauso ein kleines Kraftpaket wie Ilvy und mischt die Truppe ordentlich auf. Er ist sehr anh\u00e4nglich und braucht viel Aufmerksamkeit, hat sich aber sehr chnell eingelebt. Arvo ist oft sehr unbeholfen und tollpatschig \ud83d\ude42<\/div><div>\u00a0<\/div>\t\t\t\t\t\t\t\t<\/div>\n\t\t\t\t<\/div>\n\t\t\t\t\t<\/div>\n\t\t<\/div>\n\t\t\t\t\t<\/div>\n\t\t<\/section>\n\t\t\t\t<section class=\"elementor-section elementor-top-section elementor-element elementor-element-f112124 elementor-section-boxed elementor-section-height-default elementor-section-height-default\" data-id=\"f112124\" data-element_type=\"section\" data-e-type=\"section\">\n\t\t\t\t\t\t<div class=\"elementor-container elementor-column-gap-default\">\n\t\t\t\t\t<div class=\"elementor-column elementor-col-50 elementor-top-column elementor-element elementor-element-9878577\" data-id=\"9878577\" data-element_type=\"column\" data-e-type=\"column\">\n\t\t\t<div class=\"elementor-widget-wrap elementor-element-populated\">\n\t\t\t\t\t\t<div class=\"elementor-element elementor-element-4ac676f elementor-widget elementor-widget-image\" data-id=\"4ac676f\" data-element_type=\"widget\" data-e-type=\"widget\" data-widget_type=\"image.default\">\n\t\t\t\t<div class=\"elementor-widget-container\">\n\t\t\t\t\t\t\t\t\t\t\t\t<figure class=\"wp-caption\">\n\t\t\t\t\t\t\t\t\t\t<img loading=\"lazy\" decoding=\"async\" width=\"750\" height=\"1000\" src=\"https:\/\/huskyadventure.de\/wp-content\/uploads\/2021\/08\/IMG_1690-768x1024.jpeg\" class=\"attachment-large size-large wp-image-364\" alt=\"\" srcset=\"https:\/\/huskyadventure.de\/wp-content\/uploads\/2021\/08\/IMG_1690-768x1024.jpeg 768w, https:\/\/huskyadventure.de\/wp-content\/uploads\/2021\/08\/IMG_1690-225x300.jpeg 225w, https:\/\/huskyadventure.de\/wp-content\/uploads\/2021\/08\/IMG_1690-1152x1536.jpeg 1152w, https:\/\/huskyadventure.de\/wp-content\/uploads\/2021\/08\/IMG_1690-1536x2048.jpeg 1536w, https:\/\/huskyadventure.de\/wp-content\/uploads\/2021\/08\/IMG_1690-scaled.jpeg 1920w\" sizes=\"(max-width: 750px) 100vw, 750px\" \/>\t\t\t\t\t\t\t\t\t\t\t<figcaption class=\"widget-image-caption wp-caption-text\">Lyyli, geb. 06.02.2021<\/figcaption>\n\t\t\t\t\t\t\t\t\t\t<\/figure>\n\t\t\t\t\t\t\t\t\t<\/div>\n\t\t\t\t<\/div>\n\t\t\t\t\t<\/div>\n\t\t<\/div>\n\t\t\t\t<div class=\"elementor-column elementor-col-50 elementor-top-column elementor-element elementor-element-761a2c0\" data-id=\"761a2c0\" data-element_type=\"column\" data-e-type=\"column\">\n\t\t\t<div class=\"elementor-widget-wrap elementor-element-populated\">\n\t\t\t\t\t\t<div class=\"elementor-element elementor-element-b61f3a6 elementor-widget elementor-widget-text-editor\" data-id=\"b61f3a6\" data-element_type=\"widget\" data-e-type=\"widget\" data-widget_type=\"text-editor.default\">\n\t\t\t\t<div class=\"elementor-widget-container\">\n\t\t\t\t\t\t\t\t\t<h3>Lyyli &#8211; die kleine Maus<\/h3><p>Lyyli ist erst vor wenigen Wochen ganz spontan zu uns gekommen. Sie wurde aus dem Ausland illegal eingef\u00fchrt und sollte auf einer Rastst\u00e4tte aus dem Auto heraus verkauft werden. Zum Gl\u00fcck ist der Deal aufgeflogen. Lyyli musste dann einige Wochen in der Quarant\u00e4ne Station des Tierheims Hannover verbringen, ehe Sie zur Vermittlung freigegeben werden konnte. \u00dcber einen Zufall kam uns die Geschichte zu Ohren und wir sind spontan zu einem Kennenlernen ins Tierheim gefahren. Nur eine Woche sp\u00e4ter ist die kleine Maus bei uns eingezogen. Lylli ist ca. 5 Monate alt und mischt das Rudel jetzt richtig auf! <\/p><div>\u00a0<\/div>\t\t\t\t\t\t\t\t<\/div>\n\t\t\t\t<\/div>\n\t\t\t\t\t<\/div>\n\t\t<\/div>\n\t\t\t\t\t<\/div>\n\t\t<\/section>\n\t\t\t\t<\/div>\n\t\t<div class=\"likebtn_container\" style=\"text-align:right;\"><!-- LikeBtn.com BEGIN --><span class=\"likebtn-wrapper\"  data-identifier=\"page_15\"  data-site_id=\"5ef1d27b6fd08be8652009e8\"  data-theme=\"drop\"  data-lang=\"de\"  data-style=\"\"  data-unlike_allowed=\"\"  data-show_copyright=\"\"  data-item_url=\"https:\/\/huskyadventure.de\/?page_id=15\"  data-item_title=\"Unsere Huskys\"  data-item_date=\"2020-03-04T07:15:36+00:00\"  data-engine=\"WordPress\"  data-plugin_v=\"2.6.59\"  data-prx=\"https:\/\/huskyadventure.de\/wp-admin\/admin-ajax.php?action=likebtn_prx\"  data-event_handler=\"likebtn_eh\" ><\/span><!-- LikeBtn.com END --><br \/><br \/><\/div>","protected":false},"excerpt":{"rendered":"<p>Der Siberian Husky WesenFreundlich, sozialvertr\u00e4glich, kaum territorial, daher kein Wach- und Schutzhund. Sehr selbstst\u00e4ndig und unabh\u00e4ngig, mit gro\u00dfem Jagdtrieb. Intelligent, mit urspr\u00fcnglichem Verhalten. HaltungKein Haus- und Familienhund, sondern reiner Outdoorhund, gro\u00dfer Ausbruchsk\u00fcnstler, lernt schnell, wird aber nie zuverl\u00e4ssig gehorchen, daher Freilauf kaum m\u00f6glich.Braucht viel Bewegung, ideal f\u00fcr den Schlittenhundesport. Robust und anspruchslos in der Pflege. [&hellip;]<\/p>\n<div class=\"likebtn_container\" style=\"text-align:right;\"><!-- LikeBtn.com BEGIN --><span class=\"likebtn-wrapper\"  data-identifier=\"page_15\"  data-site_id=\"5ef1d27b6fd08be8652009e8\"  data-theme=\"drop\"  data-lang=\"de\"  data-style=\"\"  data-unlike_allowed=\"\"  data-show_copyright=\"\"  data-item_url=\"https:\/\/huskyadventure.de\/?page_id=15\"  data-item_title=\"Unsere Huskys\"  data-item_date=\"2020-03-04T07:15:36+00:00\"  data-engine=\"WordPress\"  data-plugin_v=\"2.6.59\"  data-prx=\"https:\/\/huskyadventure.de\/wp-admin\/admin-ajax.php?action=likebtn_prx\"  data-event_handler=\"likebtn_eh\" ><\/span><!-- LikeBtn.com END --><br \/><br \/><\/div>","protected":false},"author":1,"featured_media":0,"parent":0,"menu_order":0,"comment_status":"open","ping_status":"closed","template":"","meta":{"footnotes":""},"class_list":["post-15","page","type-page","status-publish","hentry"],"_links":{"self":[{"href":"https:\/\/huskyadventure.de\/index.php?rest_route=\/wp\/v2\/pages\/15","targetHints":{"allow":["GET"]}}],"collection":[{"href":"https:\/\/huskyadventure.de\/index.php?rest_route=\/wp\/v2\/pages"}],"about":[{"href":"https:\/\/huskyadventure.de\/index.php?rest_route=\/wp\/v2\/types\/page"}],"author":[{"embeddable":true,"href":"https:\/\/huskyadventure.de\/index.php?rest_route=\/wp\/v2\/users\/1"}],"replies":[{"embeddable":true,"href":"https:\/\/huskyadventure.de\/index.php?rest_route=%2Fwp%2Fv2%2Fcomments&post=15"}],"version-history":[{"count":30,"href":"https:\/\/huskyadventure.de\/index.php?rest_route=\/wp\/v2\/pages\/15\/revisions"}],"predecessor-version":[{"id":455,"href":"https:\/\/huskyadventure.de\/index.php?rest_route=\/wp\/v2\/pages\/15\/revisions\/455"}],"wp:attachment":[{"href":"https:\/\/huskyadventure.de\/index.php?rest_route=%2Fwp%2Fv2%2Fmedia&parent=15"}],"curies":[{"name":"wp","href":"https:\/\/api.w.org\/{rel}","templated":true}]}}