{"id":45,"date":"2020-03-04T10:27:39","date_gmt":"2020-03-04T10:27:39","guid":{"rendered":"http:\/\/huskyadventure.de\/?page_id=45"},"modified":"2020-03-04T10:27:39","modified_gmt":"2020-03-04T10:27:39","slug":"impressum","status":"publish","type":"page","link":"http:\/\/huskyadventure.de\/?page_id=45","title":{"rendered":"Impressum"},"content":{"rendered":"\n<p>Angaben gem. \u00a7 5 TMG:<\/p>\n\n\n\n<p>Familie Wilhelms<\/p>\n\n\n\n<p>Am F\u00e4hrhaus 1<\/p>\n\n\n\n<p>31535 Neustadt<\/p>\n\n\n\n<p>Kontaktaufnahme:<\/p>\n\n\n\n<p>Telefon:<\/p>\n\n\n\n<p>E-Mail:<\/p>\n\n\n\n<p><strong>Umsatzsteuer-ID<\/strong><\/p>\n\n\n\n<p>Umsatzsteuer-Identifikationsnummer gem. \u00a7 27 a Umsatzsteuergesetz:<\/p>\n\n\n\n<p>DE XXX XXX XXX<\/p>\n\n\n\n<p><strong>Haftungsausschluss &#8211; Disclaimer:<\/strong><\/p>\n\n\n\n<p>Haftung f\u00fcr Inhalte<\/p>\n\n\n\n<p>Alle Inhalte unseres Internetauftritts wurden mit gr\u00f6\u00dfter Sorgfalt \nund nach bestem Gewissen erstellt. F\u00fcr die Richtigkeit, Vollst\u00e4ndigkeit \nund Aktualit\u00e4t der Inhalte k\u00f6nnen wir jedoch keine Gew\u00e4hr \u00fcbernehmen. \nAls Diensteanbieter sind wir gem\u00e4\u00df \u00a7 7 Abs.1 TMG f\u00fcr eigene Inhalte auf \ndiesen Seiten nach den allgemeinen Gesetzen verantwortlich. Nach \u00a7\u00a7 8 \nbis 10 TMG sind wir als Diensteanbieter jedoch nicht verpflichtet, \n\u00fcbermittelte oder gespeicherte fremde Informationen zu \u00fcberwachen oder \nnach Umst\u00e4nden zu forschen, die auf eine rechtswidrige T\u00e4tigkeit \nhinweisen. Verpflichtungen zur Entfernung oder Sperrung der Nutzung von \nInformationen nach den allgemeinen Gesetzen bleiben hiervon unber\u00fchrt.<\/p>\n\n\n\n<p>Eine diesbez\u00fcgliche Haftung ist jedoch erst ab dem Zeitpunkt der \nKenntniserlangung einer konkreten Rechtsverletzung m\u00f6glich. Bei \nBekanntwerden von den o.g. Rechtsverletzungen werden wir diese Inhalte \nunverz\u00fcglich entfernen.<\/p>\n\n\n\n<p>Haftungsbeschr\u00e4nkung f\u00fcr externe Links<\/p>\n\n\n\n<p>Unsere Webseite enth\u00e4lt Links auf externe Webseiten Dritter. Auf die \nInhalte dieser direkt oder indirekt verlinkten Webseiten haben wir \nkeinen Einfluss. Daher k\u00f6nnen wir f\u00fcr die \u201eexternen Links\u201c auch keine \nGew\u00e4hr auf Richtigkeit der Inhalte \u00fcbernehmen. F\u00fcr die Inhalte der \nexternen Links sind die jeweilige Anbieter oder Betreiber (Urheber) der \nSeiten verantwortlich.<\/p>\n\n\n\n<p>Die externen Links wurden zum Zeitpunkt der Linksetzung auf \neventuelle Rechtsverst\u00f6\u00dfe \u00fcberpr\u00fcft und waren im Zeitpunkt der \nLinksetzung frei von rechtswidrigen Inhalten. Eine st\u00e4ndige inhaltliche \n\u00dcberpr\u00fcfung der externen Links ist ohne konkrete Anhaltspunkte einer \nRechtsverletzung nicht m\u00f6glich. Bei direkten oder indirekten \nVerlinkungen auf die Webseiten Dritter, die au\u00dferhalb unseres \nVerantwortungsbereichs liegen, w\u00fcrde eine Haftungsverpflichtung \nausschlie\u00dflich in dem Fall nur bestehen, wenn wir von den Inhalten \nKenntnis erlangen und es uns technisch m\u00f6glich und zumutbar w\u00e4re, die \nNutzung im Falle rechtswidriger Inhalte zu verhindern.<\/p>\n\n\n\n<p>Diese Haftungsausschlusserkl\u00e4rung gilt auch innerhalb des eigenen Internetauftrittes \u201e<em>Name Ihrer Domain<\/em>\u201c\n gesetzten Links und Verweise von Fragestellern, Blogeintr\u00e4gern, G\u00e4sten \ndes Diskussionsforums. F\u00fcr illegale, fehlerhafte oder unvollst\u00e4ndige \nInhalte und insbesondere f\u00fcr Sch\u00e4den, die aus der Nutzung oder \nNichtnutzung solcherart dargestellten Informationen entstehen, haftet \nallein der Diensteanbieter der Seite, auf welche verwiesen wurde, nicht \nderjenige, der \u00fcber Links auf die jeweilige Ver\u00f6ffentlichung lediglich \nverweist.<\/p>\n\n\n\n<p>Werden uns Rechtsverletzungen bekannt, werden die externen Links durch uns unverz\u00fcglich entfernt.<\/p>\n\n\n\n<p>Urheberrecht<\/p>\n\n\n\n<p>Die auf unserer Webseite ver\u00f6ffentlichen Inhalte und Werke unterliegen dem deutschen Urheberrecht (<a href=\"https:\/\/www.gesetze-im-internet.de\/bundesrecht\/urhg\/gesamt.pdf\" target=\"_blank\" rel=\"noreferrer noopener\">http:\/\/www.gesetze-im-internet.de\/bundesrecht\/urhg\/gesamt.pdf<\/a>)\n . Die Vervielf\u00e4ltigung, Bearbeitung, Verbreitung und jede Art der \nVerwertung des geistigen Eigentums in ideeller und materieller Sicht des\n Urhebers au\u00dferhalb der Grenzen des Urheberrechtes bed\u00fcrfen der \nvorherigen schriftlichen Zustimmung des jeweiligen Urhebers i.S.d. \nUrhebergesetzes (<a href=\"https:\/\/www.gesetze-im-internet.de\/bundesrecht\/urhg\/gesamt.pdf\" target=\"_blank\" rel=\"noreferrer noopener\">http:\/\/www.gesetze-im-internet.de\/bundesrecht\/urhg\/gesamt.pdf<\/a>\n ). Downloads und Kopien dieser Seite sind nur f\u00fcr den privaten und \nnicht kommerziellen Gebrauch erlaubt. Sind die Inhalte auf unserer \nWebseite nicht von uns erstellt wurden, sind die Urheberrechte Dritter \nzu beachten. Die Inhalte Dritter werden als solche kenntlich gemacht. \nSollten Sie trotzdem auf eine Urheberrechtsverletzung aufmerksam werden,\n bitten wir um einen entsprechenden Hinweis. Bei Bekanntwerden von \nRechtsverletzungen werden wir derartige Inhalte unverz\u00fcglich entfernen.<\/p>\n\n\n\n<p>Dieses <a href=\"http:\/\/www.jurarat.de\/muster-impressum\">Impressum<\/a> wurde freundlicherweise von <a href=\"http:\/\/www.jurarat.de\">www.jurarat.de<\/a> zur Verf\u00fcgung gestellt.<\/p>\n<div class=\"likebtn_container\" style=\"text-align:right;\"><!-- LikeBtn.com BEGIN --><span class=\"likebtn-wrapper\"  data-identifier=\"page_45\"  data-site_id=\"5ef1d27b6fd08be8652009e8\"  data-theme=\"drop\"  data-lang=\"de\"  data-style=\"\"  data-unlike_allowed=\"\"  data-show_copyright=\"\"  data-item_url=\"http:\/\/huskyadventure.de\/?page_id=45\"  data-item_title=\"Impressum\"  data-item_date=\"2020-03-04T10:27:39+00:00\"  data-engine=\"WordPress\"  data-plugin_v=\"2.6.59\"  data-prx=\"http:\/\/huskyadventure.de\/wp-admin\/admin-ajax.php?action=likebtn_prx\"  data-event_handler=\"likebtn_eh\" ><\/span><!-- LikeBtn.com END --><br \/><br \/><\/div>","protected":false},"excerpt":{"rendered":"<p>Angaben gem. \u00a7 5 TMG: Familie Wilhelms Am F\u00e4hrhaus 1 31535 Neustadt Kontaktaufnahme: Telefon: E-Mail: Umsatzsteuer-ID Umsatzsteuer-Identifikationsnummer gem. \u00a7 27 a Umsatzsteuergesetz: DE XXX XXX XXX Haftungsausschluss &#8211; Disclaimer: Haftung f\u00fcr Inhalte Alle Inhalte unseres Internetauftritts wurden mit gr\u00f6\u00dfter Sorgfalt und nach bestem Gewissen erstellt. F\u00fcr die Richtigkeit, Vollst\u00e4ndigkeit und Aktualit\u00e4t der Inhalte k\u00f6nnen wir [&hellip;]<\/p>\n<div class=\"likebtn_container\" style=\"text-align:right;\"><!-- LikeBtn.com BEGIN --><span class=\"likebtn-wrapper\"  data-identifier=\"page_45\"  data-site_id=\"5ef1d27b6fd08be8652009e8\"  data-theme=\"drop\"  data-lang=\"de\"  data-style=\"\"  data-unlike_allowed=\"\"  data-show_copyright=\"\"  data-item_url=\"http:\/\/huskyadventure.de\/?page_id=45\"  data-item_title=\"Impressum\"  data-item_date=\"2020-03-04T10:27:39+00:00\"  data-engine=\"WordPress\"  data-plugin_v=\"2.6.59\"  data-prx=\"http:\/\/huskyadventure.de\/wp-admin\/admin-ajax.php?action=likebtn_prx\"  data-event_handler=\"likebtn_eh\" ><\/span><!-- LikeBtn.com END --><br \/><br \/><\/div>","protected":false},"author":1,"featured_media":0,"parent":0,"menu_order":0,"comment_status":"closed","ping_status":"closed","template":"","meta":{"footnotes":""},"class_list":["post-45","page","type-page","status-publish","hentry"],"_links":{"self":[{"href":"http:\/\/huskyadventure.de\/index.php?rest_route=\/wp\/v2\/pages\/45","targetHints":{"allow":["GET"]}}],"collection":[{"href":"http:\/\/huskyadventure.de\/index.php?rest_route=\/wp\/v2\/pages"}],"about":[{"href":"http:\/\/huskyadventure.de\/index.php?rest_route=\/wp\/v2\/types\/page"}],"author":[{"embeddable":true,"href":"http:\/\/huskyadventure.de\/index.php?rest_route=\/wp\/v2\/users\/1"}],"replies":[{"embeddable":true,"href":"http:\/\/huskyadventure.de\/index.php?rest_route=%2Fwp%2Fv2%2Fcomments&post=45"}],"version-history":[{"count":1,"href":"http:\/\/huskyadventure.de\/index.php?rest_route=\/wp\/v2\/pages\/45\/revisions"}],"predecessor-version":[{"id":46,"href":"http:\/\/huskyadventure.de\/index.php?rest_route=\/wp\/v2\/pages\/45\/revisions\/46"}],"wp:attachment":[{"href":"http:\/\/huskyadventure.de\/index.php?rest_route=%2Fwp%2Fv2%2Fmedia&parent=45"}],"curies":[{"name":"wp","href":"https:\/\/api.w.org\/{rel}","templated":true}]}}